{"id":14205,"date":"2025-06-17T16:09:52","date_gmt":"2025-06-17T16:09:52","guid":{"rendered":"http:\/\/15.235.80.58:9000\/?page_id=14205"},"modified":"2025-06-21T22:39:22","modified_gmt":"2025-06-21T22:39:22","slug":"reglamentos-de-mascotas","status":"publish","type":"page","link":"https:\/\/www.portal80.com.co\/index.php\/reglamento-y-politicas\/reglamentos-de-mascotas\/","title":{"rendered":"Reglamento de mascotas"},"content":{"rendered":"<div id=\"cmsmasters_row_\" class=\"cmsmasters_row cmsmasters_color_scheme_default cmsmasters_row_top_default cmsmasters_row_bot_default cmsmasters_row_boxed\">\n<div class=\"cmsmasters_row_outer_parent\">\n<div class=\"cmsmasters_row_outer\">\n<div class=\"cmsmasters_row_inner\">\n<div class=\"cmsmasters_row_margin\">\n<div class=\"cmsmasters_column one_first\">\n<div class=\"cmsmasters_text\">\n<h2 class=\"wp-block-heading\"><span style=\"color: #000000;\">Reglamento para el ingreso y la circulaci\u00f3n con mascotas en el centro comercial Portal 80<\/span><\/h2>\n<hr \/>\n<p><span style=\"color: #000000;\">El presente reglamento regula el permiso de ingreso y circulaci\u00f3n con mascotas a la interior de la Propiedad Horizontal Centro Comercial Portal de la 80 P.H., en los t\u00e9rminos establecidos en el C\u00f3digo Nacional de Polic\u00eda en sus art\u00edculos ciento veintis\u00e9is (126) y subsiguientes.<\/span><\/p>\n<p><span style=\"color: #000000;\">En consecuencia, los Copropietarios, tenedores a cualquier t\u00edtulo, terceros usuarios y\/o consumidores de la Copropiedad podr\u00e1n ingresar a la Copropiedad sus mascotas, siempre y cuando tales mascotas se traten de animales dom\u00e9sticos que pertenezcan \u00fanica y exclusivamente a las subespecies de perros y\/o gatos. Al respecto la Copropiedad se reserva el derecho de admisi\u00f3n de cualquier otro tipo de mascota domestica de cualquier otro tipo de especie no contemplada en este Reglamento.<\/span><\/p>\n<p><span style=\"color: #000000;\">Sin perjuicio de lo anterior, los Copropietarios, Tenedores a cualquier t\u00edtulo, Terceros Usuarios y\/o Consumidores de la Copropiedad que ingresen mascotas domesticas permitidas a la Copropiedad, por su cuenta y riesgo se har\u00e1n responsables de los riesgos y responsabilidades que puedan sobrevenir y as\u00ed mismo, deber\u00e1n acatar al interior de la Copropiedad las siguientes reglas:<\/span><\/p>\n<p style=\"padding-left: 40px;\"><span style=\"color: #000000;\">1.\u00a0\u00a0\u00a0 Las mascotas domesticas permitidas deben portar al ingreso y durante toda su estad\u00eda en la Copropiedad el respectivo collar y tra\u00edlla debidamente controlada por su tenedor a cualquier t\u00edtulo.<\/span><\/p>\n<p style=\"padding-left: 40px;\"><span style=\"color: #000000;\">2.\u00a0\u00a0\u00a0 La tra\u00edlla y\/o collar del animal dom\u00e9stico, deber\u00e1 ser manejada exclusivamente por adultos y bajo ninguna circunstancia podr\u00e1n transitar por las instalaciones de la Copropiedad sin \u00e9sta.<\/span><\/p>\n<p style=\"padding-left: 40px;\"><span style=\"color: #000000;\">3.\u00a0\u00a0\u00a0 Los perros que han sido adiestrados para el ataque y la defensa, que han tenido episodios de agresiones a personas u otros animales, y en general todos los animales peligrosos o potencialmente peligrosos como lo son, los perros pertenecientes a las siguientes razas, o sus cruces o h\u00edbridos: American Sta\u2011ordshire Terrier, Bullmastiff, D\u00f3berman, Dogo Argentino, Dogo de Burdeos, Fila Brasileiro, Mast\u00edn Napolitano, Pit Bull Terrier, American Pit Bull Terrier, De presa canario, Rottweiler, Sta\u2011ordshire Terrier, Tosa Japon\u00e9s, deber\u00e1n portar en todo momento bozal mientras permanezcan en la Copropiedad. As\u00ed mismo, los propietarios, poseedores o tenedores de estos canes, deber\u00e1n portar el documento que acredite su registro ante la Administraci\u00f3n Municipal competente. Sin perjuicio de lo anterior, la Copropiedad se reserva el derecho de admisi\u00f3n en caso de considerarlo inconveniente para la seguridad de los visitantes. De presentarse alg\u00fan caso que comprometa la seguridad o integridad f\u00edsica de los Visitantes, Clientes, Usuarios, consumidores, Copropietarios y dem\u00e1s, as\u00ed como de los bienes muebles e inmuebles, se solicitar\u00e1 el retiro de la persona responsable y la mascota.<\/span><\/p>\n<p style=\"padding-left: 40px;\"><span style=\"color: #000000;\">4.\u00a0\u00a0\u00a0 No se permite el ingreso de mascotas a los restaurantes de mantel de la Copropiedad, excepto aquellos que tengan una pol\u00edtica diferente. Est\u00e1 prohibida la presencia de mascotas en todas las zonas de comidas de la Copropiedad. Solo se permitir\u00e1 el tr\u00e1nsito de mascotas por estos sitios cuando \u00e9stos sean gu\u00edas o lazarillos.<\/span><\/p>\n<p style=\"padding-left: 40px;\"><span style=\"color: #000000;\">5.\u00a0\u00a0\u00a0 Los establecimientos de comercio que operan en los locales comerciales que integran la Copropiedad deber\u00e1n informar a sus clientes o visitantes sobre las pol\u00edticas o reglas que rigen para la circulaci\u00f3n de perros y gastos al interior de sus locales.<\/span><\/p>\n<p style=\"padding-left: 40px;\"><span style=\"color: #000000;\">6.\u00a0\u00a0\u00a0 Para el ingreso a las \u00e1reas comunes, los Copropietarios, Tenedores a cualquier t\u00edtulo, Terceros Usuarios y\/o Consumidores de la Copropiedad deber\u00e1n utilizar siempre las escaleras fijas, \u00a0se proh\u00edbe la circulaci\u00f3n de mascotas por los ascensores, rampas y escaleras el\u00e9ctricas. No podr\u00e1n ingresar al Centro Comercial las mascotas cuyo peso sea superior a 15 kilos.<\/span><\/p>\n<p style=\"padding-left: 40px;\"><span style=\"color: #000000;\">7.\u00a0\u00a0\u00a0 Para mantener un espacio limpio y agradable, los Copropietarios, Tenedores a cualquier t\u00edtulo, Terceros Usuarios y\/o Consumidores de la Copropiedad deber\u00e1n evitar que su mascota realice sus necesidades fisiol\u00f3gicas en la Copropiedad y en el evento que las realice estos deber\u00e1n recoger y limpiar los desechos s\u00f3lidos y l\u00edquidos.<\/span><\/p>\n<p style=\"padding-left: 40px;\"><span style=\"color: #000000;\">8.\u00a0\u00a0\u00a0 Los Copropietarios, Tenedores a cualquier t\u00edtulo, Terceros Usuarios y\/o Consumidores de la Copropiedad ser\u00e1n los \u00fanicos responsables por todos los perjuicios que eventualmente puedan ocasionar en el Centro Comercial Portal de la 80, a sus visitantes, propietarios, tenedores a terceros, as\u00ed como sobre bienes muebles e inmuebles. En consecuencia, al ingresar con sus mascotas a la Copropiedad, los Copropietarios, Tenedores a cualquier t\u00edtulo, Terceros Usuarios y\/o Consumidores de mascotas asumen y excluyen de toda responsabilidad a \u00e9ste, como quiera que ostentan la guarda y custodia absoluta de su mascota. Igualmente, de derivarse cualquier responsabilidad civil, administrativa, penal o de cualquier tipo por causa de alg\u00fan acto de sus mascotas, o derivados de la tenencia o propiedad sobre la mimas, por lo que a partir de su ingreso asumen toda responsabilidad por los da\u00f1os causados, de manera que estos deber\u00e1n resarcir a la copropiedad en caso de cualquier multa o sanci\u00f3n ocasionada por sus mascotas en los t\u00e9rminos que el CENTRO COMERCIAL PORTAL DE LA 80 P.H comunique cuando se presente este tipo de eventualidad.<\/span><\/p>\n<p style=\"padding-left: 40px;\"><span style=\"color: #000000;\">9.\u00a0\u00a0\u00a0 Los Copropietarios, Tenedores a cualquier t\u00edtulo, Terceros Usuarios y\/o Consumidores de la Copropiedad exoneran de cualquier responsabilidad al CENTRO COMERCIAL PORTAL DE LA 80 P.H., por cualquier evento donde resulten o puedan resultar perjudicados (incluye perjuicios patrimoniales y extramatrimoniales) tanto ellos como sus acompa\u00f1antes, mascotas, los usuarios o visitantes del parque comercial y cualquier persona, por hechos o actos realizados por sus mascotas.<\/span><\/p>\n<p style=\"padding-left: 40px;\"><span style=\"color: #000000;\">10.Es deber de los propietarios, poseedores o tenedores de las mascotas dar cumplimiento a las disposiciones legales sobre la tenencia de mascotas, en lo relativo a las medidas de salubridad, higiene y seguridad. As\u00ed mismo deber\u00e1n portar el respectivo carnet de vacunaci\u00f3n.<\/span><\/p>\n<p style=\"padding-left: 40px;\"><span style=\"color: #000000;\">11.Los Copropietarios, Tenedores a cualquier t\u00edtulo, Terceros Usuarios y\/o Consumidores de la Copropiedad de las mascotas, al ingresar al Centro Comercial, declaran que han dado cumplimiento a lo dispuesto en el C\u00f3digo Nacional de Polic\u00eda, en sus art\u00edculos C\u00f3digo Nacional de Polic\u00eda en sus art\u00edculos ciento veintis\u00e9is (126) y subsiguientes.<\/span><\/p>\n<p style=\"padding-left: 40px;\"><span style=\"color: #000000;\">12.Es deber de los propietarios o tenedores de las mascotas que circulan en el Centro Comercial Portal de la 80 P.H, velar por el comportamiento y condiciones f\u00edsicas de su mascota. Por ende, en caso de presentarse ri\u00f1as entre mascotas (Perros o gatos) o contagio de enfermedades, ser\u00e1 responsabilidad de sus due\u00f1os indemnizar los perjuicios que se causen en ocasi\u00f3n de dichos eventos a los afectados.<\/span><\/p>\n<p style=\"padding-left: 40px;\"><span style=\"color: #000000;\">13.En el Centro Comercial Portal de la 80 P.H respetamos y velamos por la protecci\u00f3n de los seres sintientes que visitan nuestras instalaciones. Por lo tanto, de conformidad con la Ley 1774 de 2016 cuando se evidencia alg\u00fan tipo de maltrato, abuso, violencia o trato cruel por parte de los propietarios o tenedores u otros hac\u00eda los perros y gatos que se encuentren dentro de las instalaciones de la Copropiedad, daremos aviso a las autoridades competentes para que tomen las medidas de protecci\u00f3n establecidas en \u00e9sta Ley.<\/span><\/p>\n<address style=\"padding-left: 40px;\"><span style=\"color: #000000;\">NOTA: Toda queja, reclamo y\/o incidente por da\u00f1os o hurto de las mascotas al interior de la Copropiedad es muy importante para esta Copropiedad, por lo que deber\u00e1 radicarse por escrito dirigido a la administraci\u00f3n, con las respectivas acreditaciones y con los datos del interesado, antes de retirar la mascota del Centro Comercial. En todo caso la Copropiedad se reserva el derecho de solicitar los soportes e informes para verificaci\u00f3n de cada situaci\u00f3n en particular objeto de reclamaci\u00f3n o queja.<\/span><\/address>\n<address>\u00a0<\/address>\n<\/div>\n<\/div>\n<\/div>\n<\/div>\n<\/div>\n<\/div>\n<\/div>\n","protected":false},"excerpt":{"rendered":"","protected":false},"author":1,"featured_media":0,"parent":15172,"menu_order":0,"comment_status":"closed","ping_status":"open","template":"","meta":{"footnotes":""},"class_list":["post-14205","page","type-page","status-publish","hentry"],"_links":{"self":[{"href":"https:\/\/www.portal80.com.co\/index.php\/wp-json\/wp\/v2\/pages\/14205","targetHints":{"allow":["GET"]}}],"collection":[{"href":"https:\/\/www.portal80.com.co\/index.php\/wp-json\/wp\/v2\/pages"}],"about":[{"href":"https:\/\/www.portal80.com.co\/index.php\/wp-json\/wp\/v2\/types\/page"}],"author":[{"embeddable":true,"href":"https:\/\/www.portal80.com.co\/index.php\/wp-json\/wp\/v2\/users\/1"}],"replies":[{"embeddable":true,"href":"https:\/\/www.portal80.com.co\/index.php\/wp-json\/wp\/v2\/comments?post=14205"}],"version-history":[{"count":0,"href":"https:\/\/www.portal80.com.co\/index.php\/wp-json\/wp\/v2\/pages\/14205\/revisions"}],"up":[{"embeddable":true,"href":"https:\/\/www.portal80.com.co\/index.php\/wp-json\/wp\/v2\/pages\/15172"}],"wp:attachment":[{"href":"https:\/\/www.portal80.com.co\/index.php\/wp-json\/wp\/v2\/media?parent=14205"}],"curies":[{"name":"wp","href":"https:\/\/api.w.org\/{rel}","templated":true}]}}