{"id":14834,"date":"2025-06-19T17:40:32","date_gmt":"2025-06-19T17:40:32","guid":{"rendered":"http:\/\/15.235.80.58:9000\/?page_id=14834"},"modified":"2025-08-22T18:52:47","modified_gmt":"2025-08-22T18:52:47","slug":"servicio","status":"publish","type":"page","link":"https:\/\/www.portal80.com.co\/index.php\/servicio\/","title":{"rendered":"Servicios"},"content":{"rendered":"<div id=\"cmsmasters_row_1982b95382\" class=\"cmsmasters_row cmsmasters_color_scheme_default cmsmasters_row_top_default cmsmasters_row_bot_default cmsmasters_row_boxed\">\n<div class=\"cmsmasters_row_outer_parent\">\n<div class=\"cmsmasters_row_outer\">\n<div class=\"cmsmasters_row_inner\">\n<div class=\"cmsmasters_row_margin\">\n<div class=\"cmsmasters_column one_first\">\n<div id=\"cmsmasters_heading_cf5c461a7f\" class=\"cmsmasters_heading_wrap cmsmasters_heading_align_center\">\n\t<h1 class=\"cmsmasters_heading\">Servicios<\/h1>\n<\/div>\n<\/div>\n<\/div>\n<\/div>\n<\/div>\n<\/div>\n<\/div>\n<div id=\"cmsmasters_row_ywlreb3in\" class=\"cmsmasters_row cmsmasters_color_scheme_default cmsmasters_row_top_default cmsmasters_row_bot_default cmsmasters_row_boxed\">\n<div class=\"cmsmasters_row_outer_parent\">\n<div class=\"cmsmasters_row_outer\">\n<div class=\"cmsmasters_row_inner\">\n<div class=\"cmsmasters_row_margin\">\n<div class=\"cmsmasters_column one_half\">\n<div id=\"cmsmasters_heading_zv6n0dgblm\" class=\"cmsmasters_heading_wrap cmsmasters_heading_align_left\">\n\t<h2 class=\"cmsmasters_heading\">Pensado para ti<\/h2>\n<\/div><div class=\"cmsmasters_text\">\n<p>Pensando en tu comodidad, te ofrecemos una amplia variedad de servicios que hacen tu visita m\u00e1s pr\u00e1ctica y segura. Contamos con <strong data-start=\"277\" data-end=\"300\">cajeros autom\u00e1ticos<\/strong>, <strong data-start=\"302\" data-end=\"325\">servicios bancarios<\/strong>, <strong data-start=\"327\" data-end=\"343\">bicicleteros<\/strong>, <strong data-start=\"345\" data-end=\"374\">m\u00e1s de 1.100 parqueaderos<\/strong>, y una ubicaci\u00f3n privilegiada cerca de la estaci\u00f3n de TransMilenio. Adem\u00e1s, encuentras espacios accesibles, c\u00f3modos y modernos para que cada recorrido sea una experiencia \u00e1gil, f\u00e1cil y agradable.<\/p>\n<\/div>\n<\/div>\n<div class=\"cmsmasters_column one_half\">\n<div class=\"cmsmasters_stats stats_mode_bars stats_type_horizontal\"><div class=\"cmsmasters_stat_wrap\">\n\r\n\t\t<span class=\"cmsmasters_stat_counter_wrap\">\n<span class=\"cmsmasters_stat_counter\">100<\/span><span class=\"cmsmasters_stat_units\">%<\/span>\n<\/span>\t\r\n\t\n<div id=\"cmsmasters_stat_vscm71dzrs\" class=\"cmsmasters_stat\" data-percent=\"100\">\n<div class=\"cmsmasters_stat_inner\">\n<span class=\"cmsmasters_stat_title\">Cajeros autom\u00e1ticos<\/span>\n\n<\/div>\n<\/div>\n<\/div><div class=\"cmsmasters_stat_wrap\">\n\r\n\t\t<span class=\"cmsmasters_stat_counter_wrap\">\n<span class=\"cmsmasters_stat_counter\">100<\/span><span class=\"cmsmasters_stat_units\">%<\/span>\n<\/span>\t\r\n\t\n<div id=\"cmsmasters_stat_n6e6i7t14j\" class=\"cmsmasters_stat\" data-percent=\"100\">\n<div class=\"cmsmasters_stat_inner\">\n<span class=\"cmsmasters_stat_title\">Servicios bancarios<\/span>\n\n<\/div>\n<\/div>\n<\/div><div class=\"cmsmasters_stat_wrap\">\n\r\n\t\t<span class=\"cmsmasters_stat_counter_wrap\">\n<span class=\"cmsmasters_stat_counter\">100<\/span><span class=\"cmsmasters_stat_units\">%<\/span>\n<\/span>\t\r\n\t\n<div id=\"cmsmasters_stat_thil3ozz1\" class=\"cmsmasters_stat\" data-percent=\"100\">\n<div class=\"cmsmasters_stat_inner\">\n<span class=\"cmsmasters_stat_title\">Bicicleteros<\/span>\n\n<\/div>\n<\/div>\n<\/div><div class=\"cmsmasters_stat_wrap\">\n\r\n\t\t<span class=\"cmsmasters_stat_counter_wrap\">\n<span class=\"cmsmasters_stat_counter\">100<\/span><span class=\"cmsmasters_stat_units\">%<\/span>\n<\/span>\t\r\n\t\n<div id=\"cmsmasters_stat_qm72xk16i\" class=\"cmsmasters_stat\" data-percent=\"100\">\n<div class=\"cmsmasters_stat_inner\">\n<span class=\"cmsmasters_stat_title\">Parqueaderos<\/span>\n\n<\/div>\n<\/div>\n<\/div><div class=\"cmsmasters_stat_wrap\">\n\r\n\t\t<span class=\"cmsmasters_stat_counter_wrap\">\n<span class=\"cmsmasters_stat_counter\">100<\/span><span class=\"cmsmasters_stat_units\">%<\/span>\n<\/span>\t\r\n\t\n<div id=\"cmsmasters_stat_vyt972knqp\" class=\"cmsmasters_stat\" data-percent=\"100\">\n<div class=\"cmsmasters_stat_inner\">\n<span class=\"cmsmasters_stat_title\">Excelente ubicaci\u00f3n<\/span>\n\n<\/div>\n<\/div>\n<\/div><div class=\"cmsmasters_stat_wrap\">\n\r\n\t\t<span class=\"cmsmasters_stat_counter_wrap\">\n<span class=\"cmsmasters_stat_counter\">100<\/span><span class=\"cmsmasters_stat_units\">%<\/span>\n<\/span>\t\r\n\t\n<div id=\"cmsmasters_stat_ycd4p7alyi\" class=\"cmsmasters_stat\" data-percent=\"100\">\n<div class=\"cmsmasters_stat_inner\">\n<span class=\"cmsmasters_stat_title\">Espacios modernos<\/span>\n\n<\/div>\n<\/div>\n<\/div><\/div>\n<\/div>\n<\/div>\n<\/div>\n<\/div>\n<\/div>\n<\/div>\n<div id=\"cmsmasters_row_8w8cg57mw\" class=\"cmsmasters_row cmsmasters_color_scheme_default cmsmasters_row_top_default cmsmasters_row_bot_default cmsmasters_row_boxed\">\n<div class=\"cmsmasters_row_outer_parent\">\n<div class=\"cmsmasters_row_outer\">\n<div class=\"cmsmasters_row_inner\">\n<div class=\"cmsmasters_row_margin\">\n<div class=\"cmsmasters_column one_third\">\n<div id=\"cmsmasters_icon_h55xypp72a\" class=\"cmsmasters_icon_wrap\"><span class=\"cmsmasters_simple_icon cmsmasters-icon-paypal\"><\/span><\/div>\n<div id=\"cmsmasters_heading_5sjm7v73co\" class=\"cmsmasters_heading_wrap cmsmasters_heading_align_center\" data-animation=\"bounceIn\" data-delay=\"0\">\n\t<h2 class=\"cmsmasters_heading\">Parqueadero<\/h2>\n<\/div>\n<div id=\"cmsmasters_divider_gwiph5yvlo\" class=\"cmsmasters_divider cmsmasters_divider_width_long cmsmasters_divider_pos_center\"><\/div>\n<div class=\"cmsmasters_text\" data-animation=\"bounceIn\" data-delay=\"0\">\n<p style=\"text-align: center;\" data-start=\"155\" data-end=\"259\">Contamos con amplias zonas de parqueo para tu comodidad y seguridad durante tu visita.<\/p>\n<\/div>\n<\/div>\n<div class=\"cmsmasters_column one_third\">\n<div id=\"cmsmasters_icon_3yin282rww\" class=\"cmsmasters_icon_wrap\"><span class=\"cmsmasters_simple_icon cmsmasters-icon-info-circled\"><\/span><\/div>\n<div id=\"cmsmasters_heading_e756t6ade\" class=\"cmsmasters_heading_wrap cmsmasters_heading_align_center\" data-animation=\"bounceIn\" data-delay=\"0\">\n\t<h2 class=\"cmsmasters_heading\">Puntos de informaci\u00f3n<\/h2>\n<\/div>\n<div id=\"cmsmasters_divider_2xhm0nlj7q\" class=\"cmsmasters_divider cmsmasters_divider_width_long cmsmasters_divider_pos_center\"><\/div>\n<div class=\"cmsmasters_text\" data-animation=\"bounceIn\" data-delay=\"0\">\n<p style=\"text-align: center;\" data-start=\"261\" data-end=\"387\">Ac\u00e9rcate a nuestros puntos de informaci\u00f3n y recibe atenci\u00f3n personalizada para resolver tus dudas.<\/p>\n<\/div>\n<\/div>\n<div class=\"cmsmasters_column one_third\">\n<div id=\"cmsmasters_icon_v2eu8dka8\" class=\"cmsmasters_icon_wrap\"><span class=\"cmsmasters_simple_icon cmsmasters-icon-recycle\"><\/span><\/div>\n<div id=\"cmsmasters_heading_axs1idny5\" class=\"cmsmasters_heading_wrap cmsmasters_heading_align_center\" data-animation=\"bounceIn\" data-delay=\"0\">\n\t<h2 class=\"cmsmasters_heading\">Punto ecol\u00f3gico<\/h2>\n<\/div>\n<div id=\"cmsmasters_divider_ocuux1y7hu\" class=\"cmsmasters_divider cmsmasters_divider_width_long cmsmasters_divider_pos_center\"><\/div>\n<div class=\"cmsmasters_text\" data-animation=\"bounceIn\" data-delay=\"0\">\n<p style=\"text-align: center;\" data-start=\"389\" data-end=\"500\">Contribuye al cuidado del planeta depositando tus residuos en nuestros puntos ecol\u00f3gicos.<\/p>\n<\/div>\n<\/div>\n<\/div>\n<\/div>\n<\/div>\n<\/div>\n<\/div>\n<div id=\"cmsmasters_row_ots5wqv41j\" class=\"cmsmasters_row cmsmasters_color_scheme_default cmsmasters_row_top_default cmsmasters_row_bot_default cmsmasters_row_boxed\">\n<div class=\"cmsmasters_row_outer_parent\">\n<div class=\"cmsmasters_row_outer\">\n<div class=\"cmsmasters_row_inner\">\n<div class=\"cmsmasters_row_margin\">\n<div class=\"cmsmasters_column one_third\">\n<div id=\"cmsmasters_icon_o6p97aieyh\" class=\"cmsmasters_icon_wrap\"><span class=\"cmsmasters_simple_icon cmsmasters-icon-pagelines\"><\/span><\/div>\n<div id=\"cmsmasters_heading_3f0kr6vzoa\" class=\"cmsmasters_heading_wrap cmsmasters_heading_align_center\" data-animation=\"bounceIn\" data-delay=\"0\">\n\t<h2 class=\"cmsmasters_heading\">Huerta<\/h2>\n<\/div>\n<div id=\"cmsmasters_divider_2jdz83m4tp\" class=\"cmsmasters_divider cmsmasters_divider_width_long cmsmasters_divider_pos_center\"><\/div>\n<div class=\"cmsmasters_text\" data-animation=\"bounceIn\" data-delay=\"0\">\n<p style=\"text-align: center;\" data-start=\"502\" data-end=\"604\">Disfruta de nuestro espacio natural con una huerta urbana que promueve la sostenibilidad.<\/p>\n<\/div>\n<\/div>\n<div class=\"cmsmasters_column one_third\">\n<div id=\"cmsmasters_icon_m6refwd6sp\" class=\"cmsmasters_icon_wrap\"><span class=\"cmsmasters_simple_icon cmsmasters-icon-heart\"><\/span><\/div>\n<div id=\"cmsmasters_heading_ld64c15wo\" class=\"cmsmasters_heading_wrap cmsmasters_heading_align_center\" data-animation=\"bounceIn\" data-delay=\"0\">\n\t<h2 class=\"cmsmasters_heading\">Ba\u00f1os infantiles<\/h2>\n<\/div>\n<div id=\"cmsmasters_divider_ljmt2lgla9\" class=\"cmsmasters_divider cmsmasters_divider_width_long cmsmasters_divider_pos_center\"><\/div>\n<div class=\"cmsmasters_text\" data-animation=\"bounceIn\" data-delay=\"0\">\n<p style=\"text-align: center;\" data-start=\"261\" data-end=\"387\">Un espacio divertido y adaptado para los m\u00e1s peque\u00f1os, con est\u00edmulos sensoriales para hacer su visita m\u00e1s especial.<\/p>\n<\/div>\n<\/div>\n<div class=\"cmsmasters_column one_third\">\n<div id=\"cmsmasters_icon_f7r3rw83ht\" class=\"cmsmasters_icon_wrap\"><span class=\"cmsmasters_simple_icon cmsmasters-icon-wheelchair\"><\/span><\/div>\n<div id=\"cmsmasters_heading_m6bx8yffdc\" class=\"cmsmasters_heading_wrap cmsmasters_heading_align_center\" data-animation=\"bounceIn\" data-delay=\"0\">\n\t<h2 class=\"cmsmasters_heading\">Sillas de ruedas<\/h2>\n<\/div>\n<div id=\"cmsmasters_divider_gpwh0zhlke\" class=\"cmsmasters_divider cmsmasters_divider_width_long cmsmasters_divider_pos_center\"><\/div>\n<div class=\"cmsmasters_text\" data-animation=\"bounceIn\" data-delay=\"0\">\n<p style=\"text-align: center;\" data-start=\"772\" data-end=\"889\">Solicita una silla de ruedas sin costo en nuestros puntos de atenci\u00f3n. \u00a1Estamos para ayudarte!<\/p>\n<\/div>\n<\/div>\n<\/div>\n<\/div>\n<\/div>\n<\/div>\n<\/div>\n<div id=\"cmsmasters_row_gqic3euml\" class=\"cmsmasters_row cmsmasters_color_scheme_default cmsmasters_row_top_default cmsmasters_row_bot_default cmsmasters_row_boxed\">\n<div class=\"cmsmasters_row_outer_parent\">\n<div class=\"cmsmasters_row_outer\">\n<div class=\"cmsmasters_row_inner\">\n<div class=\"cmsmasters_row_margin\">\n<div class=\"cmsmasters_column one_third\">\n<div id=\"cmsmasters_icon_yxq4pjb60d\" class=\"cmsmasters_icon_wrap\"><span class=\"cmsmasters_simple_icon cmsmasters-icon-medkit\"><\/span><\/div>\n<div id=\"cmsmasters_heading_5ln4eup6u\" class=\"cmsmasters_heading_wrap cmsmasters_heading_align_center\" data-animation=\"bounceIn\" data-delay=\"0\">\n\t<h2 class=\"cmsmasters_heading\">Primeros auxilios<\/h2>\n<\/div>\n<div id=\"cmsmasters_divider_y5rg0l69zc\" class=\"cmsmasters_divider cmsmasters_divider_width_long cmsmasters_divider_pos_center\"><\/div>\n<div class=\"cmsmasters_text\" data-animation=\"bounceIn\" data-delay=\"0\">\n<p style=\"text-align: center;\" data-start=\"1028\" data-end=\"1137\">Contamos con personal capacitado y equipos para atender emergencias b\u00e1sicas de salud.<\/p>\n<\/div>\n<\/div>\n<div class=\"cmsmasters_column one_third\">\n<div id=\"cmsmasters_icon_tl50k9r1qd\" class=\"cmsmasters_icon_wrap\"><span class=\"cmsmasters_simple_icon cmsmasters-icon-home\"><\/span><\/div>\n<div id=\"cmsmasters_heading_xwjbq34gqj\" class=\"cmsmasters_heading_wrap cmsmasters_heading_align_center\" data-animation=\"bounceIn\" data-delay=\"0\">\n\t<h2 class=\"cmsmasters_heading\">Bodegas alquilables<\/h2>\n<\/div>\n<div id=\"cmsmasters_divider_xqtny3j3e9\" class=\"cmsmasters_divider cmsmasters_divider_width_long cmsmasters_divider_pos_center\"><\/div>\n<div class=\"cmsmasters_text\" data-animation=\"bounceIn\" data-delay=\"0\">\n<p style=\"text-align: center;\" data-start=\"261\" data-end=\"387\">\u00bfNecesitas espacio extra? Consulta la disponibilidad de bodegas para alquiler dentro de nuestras instalaciones.<\/p>\n<\/div>\n<\/div>\n<div class=\"cmsmasters_column one_third\">\n<div id=\"cmsmasters_icon_i2bvqsq2kn\" class=\"cmsmasters_icon_wrap\"><span class=\"cmsmasters_simple_icon cmsmasters-icon-heartbeat\"><\/span><\/div>\n<div id=\"cmsmasters_heading_7zj9xcuknq\" class=\"cmsmasters_heading_wrap cmsmasters_heading_align_center\" data-animation=\"bounceIn\" data-delay=\"0\">\n\t<h2 class=\"cmsmasters_heading\">Enfermer\u00eda<\/h2>\n<\/div>\n<div id=\"cmsmasters_divider_trivrg3o0q\" class=\"cmsmasters_divider cmsmasters_divider_width_long cmsmasters_divider_pos_center\"><\/div>\n<div class=\"cmsmasters_text\" data-animation=\"bounceIn\" data-delay=\"0\">\n<p style=\"text-align: center;\" data-start=\"1278\" data-end=\"1378\">Disponemos de un punto de enfermer\u00eda para atender cualquier situaci\u00f3n m\u00e9dica menor.<\/p>\n<\/div>\n<\/div>\n<\/div>\n<\/div>\n<\/div>\n<\/div>\n<\/div>\n<div id=\"cmsmasters_row_y7x1i6oi7a\" class=\"cmsmasters_row cmsmasters_color_scheme_default cmsmasters_row_top_default cmsmasters_row_bot_default cmsmasters_row_boxed\">\n<div class=\"cmsmasters_row_outer_parent\">\n<div class=\"cmsmasters_row_outer\">\n<div class=\"cmsmasters_row_inner\">\n<div class=\"cmsmasters_row_margin\">\n<div class=\"cmsmasters_column one_third\">\n<div id=\"cmsmasters_icon_p1onym27rs\" class=\"cmsmasters_icon_wrap\"><span class=\"cmsmasters_simple_icon cmsmasters-icon-female\"><\/span><\/div>\n<div id=\"cmsmasters_heading_5yjc8myu8t\" class=\"cmsmasters_heading_wrap cmsmasters_heading_align_center\" data-animation=\"bounceIn\" data-delay=\"0\">\n\t<h2 class=\"cmsmasters_heading\">Zona de lactancia<\/h2>\n<\/div>\n<div id=\"cmsmasters_divider_0i0retdfjn\" class=\"cmsmasters_divider cmsmasters_divider_width_long cmsmasters_divider_pos_center\"><\/div>\n<div class=\"cmsmasters_text\" data-animation=\"bounceIn\" data-delay=\"0\">\n<p style=\"text-align: center;\" data-start=\"1380\" data-end=\"1485\">Un lugar c\u00f3modo, privado y seguro para que madres e hijos disfruten este momento.<\/p>\n<\/div>\n<\/div>\n<div class=\"cmsmasters_column one_third\">\n<div id=\"cmsmasters_icon_255ynpu9i5\" class=\"cmsmasters_icon_wrap\"><span class=\"cmsmasters_simple_icon cmsmasters-icon-menu\"><\/span><\/div>\n<div id=\"cmsmasters_heading_jkwomw6ki6\" class=\"cmsmasters_heading_wrap cmsmasters_heading_align_center\" data-animation=\"bounceIn\" data-delay=\"0\">\n\t<h2 class=\"cmsmasters_heading\">Directorio de marcas<\/h2>\n<\/div>\n<div id=\"cmsmasters_divider_fprkv4xber\" class=\"cmsmasters_divider cmsmasters_divider_width_long cmsmasters_divider_pos_center\"><\/div>\n<div class=\"cmsmasters_text\" data-animation=\"bounceIn\" data-delay=\"0\">\n<p style=\"text-align: center;\" data-start=\"261\" data-end=\"387\">Encuentra f\u00e1cilmente tus marcas favoritas con nuestro buscador por categor\u00edas, mapa interactivo, abecedario y m\u00e1s de 250 locales con informaci\u00f3n completa.<\/p>\n<\/div>\n<\/div>\n<div class=\"cmsmasters_column one_third\">\n<div id=\"cmsmasters_icon_tf8o323eun\" class=\"cmsmasters_icon_wrap\"><span class=\"cmsmasters_simple_icon cmsmasters-icon-music\"><\/span><\/div>\n<div id=\"cmsmasters_heading_3ei7d6bhij\" class=\"cmsmasters_heading_wrap cmsmasters_heading_align_center\" data-animation=\"bounceIn\" data-delay=\"0\">\n\t<h2 class=\"cmsmasters_heading\">Eventos<\/h2>\n<\/div>\n<div id=\"cmsmasters_divider_qybml6gahw\" class=\"cmsmasters_divider cmsmasters_divider_width_long cmsmasters_divider_pos_center\"><\/div>\n<div class=\"cmsmasters_text\" data-animation=\"bounceIn\" data-delay=\"0\">\n<p style=\"text-align: center;\" data-start=\"1670\" data-end=\"1798\">Vive experiencias \u00fanicas con nuestra agenda de eventos culturales, recreativos y comerciales para toda la familia.<\/p>\n<\/div>\n<\/div>\n<\/div>\n<\/div>\n<\/div>\n<\/div>\n<\/div>\n<div id=\"cmsmasters_row_gu80i1l2a8\" class=\"cmsmasters_row cmsmasters_color_scheme_default cmsmasters_row_top_default cmsmasters_row_bot_default cmsmasters_row_boxed\">\n<div class=\"cmsmasters_row_outer_parent\">\n<div class=\"cmsmasters_row_outer\">\n<div class=\"cmsmasters_row_inner\">\n<div class=\"cmsmasters_row_margin\">\n<div class=\"cmsmasters_column one_third\">\n<div id=\"cmsmasters_icon_o1d2i1tar\" class=\"cmsmasters_icon_wrap\"><span class=\"cmsmasters_simple_icon cmsmasters-icon-star-empty\"><\/span><\/div>\n<div id=\"cmsmasters_heading_avecal1wbf\" class=\"cmsmasters_heading_wrap cmsmasters_heading_align_center\" data-animation=\"bounceIn\" data-delay=\"0\">\n\t<h2 class=\"cmsmasters_heading\">Parqueadero Mensual<\/h2>\n<\/div>\n<div id=\"cmsmasters_divider_9lgcl05ooa\" class=\"cmsmasters_divider cmsmasters_divider_width_long cmsmasters_divider_pos_center\"><\/div>\n<div class=\"cmsmasters_text\" data-animation=\"bounceIn\" data-delay=\"0\">\n<p style=\"text-align: center;\" data-start=\"1380\" data-end=\"1485\">Asegura tu cupo y vive la comodidad de nuestro parqueadero mensual.<\/p>\n<\/div>\n<\/div>\n<div class=\"cmsmasters_column one_third\">\n<div id=\"cmsmasters_icon_vpc3jq3g3p\" class=\"cmsmasters_icon_wrap\"><span class=\"cmsmasters_simple_icon cmsmasters-icon-bus\"><\/span><\/div>\n<div id=\"cmsmasters_heading_858oo3mg5\" class=\"cmsmasters_heading_wrap cmsmasters_heading_align_center\" data-animation=\"bounceIn\" data-delay=\"0\">\n\t<h2 class=\"cmsmasters_heading\">Ruta Portal 80<\/h2>\n<\/div>\n<div id=\"cmsmasters_divider_h6nr1fchy\" class=\"cmsmasters_divider cmsmasters_divider_width_long cmsmasters_divider_pos_center\"><\/div>\n<div class=\"cmsmasters_text\" data-animation=\"bounceIn\" data-delay=\"0\">\n<p style=\"text-align: center;\" data-start=\"261\" data-end=\"387\">Disfruta del servicio gratuito \u2018Te Acercamos a Casa\u2019, pensado para tu comodidad.<\/p>\n<\/div>\n<\/div>\n<div class=\"cmsmasters_column one_third\">\n<div id=\"cmsmasters_icon_neahuinqc8\" class=\"cmsmasters_icon_wrap\"><span class=\"cmsmasters_simple_icon cmsmasters-icon-taxi\"><\/span><\/div>\n<div id=\"cmsmasters_heading_6zpjm27kp\" class=\"cmsmasters_heading_wrap cmsmasters_heading_align_center\" data-animation=\"bounceIn\" data-delay=\"0\">\n\t<h2 class=\"cmsmasters_heading\">Taxis<\/h2>\n<\/div>\n<div id=\"cmsmasters_divider_0dghmxmjbj\" class=\"cmsmasters_divider cmsmasters_divider_width_long cmsmasters_divider_pos_center\"><\/div>\n<div class=\"cmsmasters_text\" data-animation=\"bounceIn\" data-delay=\"0\">\n<p style=\"text-align: center;\" data-start=\"1670\" data-end=\"1798\">En el Centro Comercial Portal de la 80 cuentas con Taxi Seguro para que regreses a casa con confianza y tranquilidad.<\/p>\n<\/div>\n<\/div>\n<\/div>\n<\/div>\n<\/div>\n<\/div>\n<\/div>\n<div id=\"cmsmasters_row_tmkidgamac\" class=\"cmsmasters_row cmsmasters_color_scheme_default cmsmasters_row_top_default cmsmasters_row_bot_default cmsmasters_row_boxed\">\n<div class=\"cmsmasters_row_outer_parent\">\n<div class=\"cmsmasters_row_outer\">\n<div class=\"cmsmasters_row_inner\">\n<div class=\"cmsmasters_row_margin\">\n<div class=\"cmsmasters_column one_first\">\n<div id=\"cmsmasters_heading_kxsaokqvzp\" class=\"cmsmasters_heading_wrap cmsmasters_heading_align_center\">\n\t<h1 class=\"cmsmasters_heading\">M\u00e1s que un centro comercial\u2026 tu casa.<\/h1>\n<\/div>\n<\/div>\n<\/div>\n<\/div>\n<\/div>\n<\/div>\n<\/div>\n\n","protected":false},"excerpt":{"rendered":"","protected":false},"author":1,"featured_media":0,"parent":0,"menu_order":0,"comment_status":"closed","ping_status":"closed","template":"","meta":{"footnotes":""},"class_list":["post-14834","page","type-page","status-publish","hentry"],"_links":{"self":[{"href":"https:\/\/www.portal80.com.co\/index.php\/wp-json\/wp\/v2\/pages\/14834","targetHints":{"allow":["GET"]}}],"collection":[{"href":"https:\/\/www.portal80.com.co\/index.php\/wp-json\/wp\/v2\/pages"}],"about":[{"href":"https:\/\/www.portal80.com.co\/index.php\/wp-json\/wp\/v2\/types\/page"}],"author":[{"embeddable":true,"href":"https:\/\/www.portal80.com.co\/index.php\/wp-json\/wp\/v2\/users\/1"}],"replies":[{"embeddable":true,"href":"https:\/\/www.portal80.com.co\/index.php\/wp-json\/wp\/v2\/comments?post=14834"}],"version-history":[{"count":0,"href":"https:\/\/www.portal80.com.co\/index.php\/wp-json\/wp\/v2\/pages\/14834\/revisions"}],"wp:attachment":[{"href":"https:\/\/www.portal80.com.co\/index.php\/wp-json\/wp\/v2\/media?parent=14834"}],"curies":[{"name":"wp","href":"https:\/\/api.w.org\/{rel}","templated":true}]}}