{"id":15373,"date":"2025-06-21T20:04:29","date_gmt":"2025-06-21T20:04:29","guid":{"rendered":"http:\/\/15.235.80.58:9000\/?page_id=15373"},"modified":"2025-06-26T17:34:02","modified_gmt":"2025-06-26T17:34:02","slug":"entretenimiento","status":"publish","type":"page","link":"https:\/\/www.portal80.com.co\/index.php\/tiendas\/entretenimiento\/","title":{"rendered":"Entretenimiento"},"content":{"rendered":"<div id=\"cmsmasters_row_606jgeyfyb\" class=\"cmsmasters_row cmsmasters_color_scheme_default cmsmasters_row_top_default cmsmasters_row_bot_default cmsmasters_row_boxed\">\n<div class=\"cmsmasters_row_outer_parent\">\n<div class=\"cmsmasters_row_outer\">\n<div class=\"cmsmasters_row_inner\">\n<div class=\"cmsmasters_row_margin\">\n<div class=\"cmsmasters_column one_first\">\n<div id=\"cmsmasters_heading_3468bvxm7\" class=\"cmsmasters_heading_wrap cmsmasters_heading_align_left\">\n\t<h2 class=\"cmsmasters_heading\">Diversi\u00f3n para todos<\/h2>\n<\/div><div class=\"cmsmasters_text\">\n<p>Disfruta de experiencias \u00fanicas pensadas para grandes y chicos. Cine, juegos, eventos y mucho m\u00e1s en un solo lugar lleno de alegr\u00eda y emoci\u00f3n.<\/p>\n<\/div>\n<\/div>\n<\/div>\n<\/div>\n<\/div>\n<\/div>\n<\/div>\n<div id=\"cmsmasters_row_geovgpse3\" class=\"cmsmasters_row cmsmasters_color_scheme_default cmsmasters_row_top_default cmsmasters_row_bot_default cmsmasters_row_boxed\">\n<div class=\"cmsmasters_row_outer_parent\">\n<div class=\"cmsmasters_row_outer\">\n<div class=\"cmsmasters_row_inner\">\n<div class=\"cmsmasters_row_margin\">\n<div class=\"cmsmasters_column one_first\">\n<div id=\"portfolio_2xspqa1vj9\" class=\"cmsmasters_wrap_portfolio entry-summary\" data-layout=\"grid\" data-layout-mode=\"perfect\" data-url=\"https:\/\/www.portal80.com.co\/wp-content\/plugins\/cmsmasters-content-composer\/\" data-orderby=\"name\" data-order=\"ASC\" data-count=\"50\" data-categories=\"entretenimiento\" data-metadata=\"title,rollover\"><div class=\"portfolio grid large_gap perfect cmsmasters_4\">\r\n<!--_________________________ Start Standard Service _________________________ -->\r\n\r\n<article id=\"post-14673\" class=\"cmsmasters_project_grid post-14673 project type-project status-publish format-standard has-post-thumbnail hentry pj-categs-entretenimiento\" data-category=\"entretenimiento\">\r\n\t<div class=\"project_outer\">\r\n\t\t<div class=\"project_outer_image_wrap\">\r\n\t\r\n\t\t<div class=\"project_outer_image_wrap_meta entry-meta\"><div class=\"project_outer_image_wrap_meta_bottom entry-meta\"><header class=\"cmsmasters_project_header entry-header\"><h2 class=\"cmsmasters_project_title entry-title\"><a href=\"https:\/\/www.portal80.com.co\/index.php\/service\/casino-ipanema\/\">Casino Ipanema<\/a><\/h2><\/header><\/div><\/div><figure class=\"cmsmasters_img_rollover_wrap preloader\"><img loading=\"lazy\" decoding=\"async\" width=\"306\" height=\"200\" src=\"https:\/\/www.portal80.com.co\/wp-content\/uploads\/2025\/06\/Casino-Ipanema.png\" class=\"full-width wp-post-image\" alt=\"Casino Ipanema\" title=\"Casino Ipanema\" srcset=\"https:\/\/www.portal80.com.co\/wp-content\/uploads\/2025\/06\/Casino-Ipanema.png 306w, https:\/\/www.portal80.com.co\/wp-content\/uploads\/2025\/06\/Casino-Ipanema-300x196.png 300w\" sizes=\"auto, (max-width: 306px) 100vw, 306px\" \/><div class=\"cmsmasters_img_rollover\"><a href=\"https:\/\/www.portal80.com.co\/index.php\/service\/casino-ipanema\/\" title=\"Casino Ipanema\" class=\"cmsmasters_open_link\"><\/a><\/div><\/figure><\/div><span class=\"dn meta-date\">20250618190438<\/span>\t<\/div>\r\n<\/article>\r\n<!--_________________________ Finish Standard Service _________________________ -->\r\n\r\n\r\n<!--_________________________ Start Standard Service _________________________ -->\r\n\r\n<article id=\"post-14685\" class=\"cmsmasters_project_grid post-14685 project type-project status-publish format-standard has-post-thumbnail hentry pj-categs-entretenimiento\" data-category=\"entretenimiento\">\r\n\t<div class=\"project_outer\">\r\n\t\t<div class=\"project_outer_image_wrap\">\r\n\t\r\n\t\t<div class=\"project_outer_image_wrap_meta entry-meta\"><div class=\"project_outer_image_wrap_meta_bottom entry-meta\"><header class=\"cmsmasters_project_header entry-header\"><h2 class=\"cmsmasters_project_title entry-title\"><a href=\"https:\/\/www.portal80.com.co\/index.php\/service\/cine-colombia\/\">Cine Colombia<\/a><\/h2><\/header><\/div><\/div><figure class=\"cmsmasters_img_rollover_wrap preloader\"><img loading=\"lazy\" decoding=\"async\" width=\"306\" height=\"200\" src=\"https:\/\/www.portal80.com.co\/wp-content\/uploads\/2025\/06\/Cine-Colombia.png\" class=\"full-width wp-post-image\" alt=\"Cine Colombia\" title=\"Cine Colombia\" srcset=\"https:\/\/www.portal80.com.co\/wp-content\/uploads\/2025\/06\/Cine-Colombia.png 306w, https:\/\/www.portal80.com.co\/wp-content\/uploads\/2025\/06\/Cine-Colombia-300x196.png 300w\" sizes=\"auto, (max-width: 306px) 100vw, 306px\" \/><div class=\"cmsmasters_img_rollover\"><a href=\"https:\/\/www.portal80.com.co\/index.php\/service\/cine-colombia\/\" title=\"Cine Colombia\" class=\"cmsmasters_open_link\"><\/a><\/div><\/figure><\/div><span class=\"dn meta-date\">20250618193305<\/span>\t<\/div>\r\n<\/article>\r\n<!--_________________________ Finish Standard Service _________________________ -->\r\n\r\n\r\n<!--_________________________ Start Standard Service _________________________ -->\r\n\r\n<article id=\"post-14683\" class=\"cmsmasters_project_grid post-14683 project type-project status-publish format-standard has-post-thumbnail hentry pj-categs-entretenimiento\" data-category=\"entretenimiento\">\r\n\t<div class=\"project_outer\">\r\n\t\t<div class=\"project_outer_image_wrap\">\r\n\t\r\n\t\t<div class=\"project_outer_image_wrap_meta entry-meta\"><div class=\"project_outer_image_wrap_meta_bottom entry-meta\"><header class=\"cmsmasters_project_header entry-header\"><h2 class=\"cmsmasters_project_title entry-title\"><a href=\"https:\/\/www.portal80.com.co\/index.php\/service\/galaxy-park\/\">Galaxy Park<\/a><\/h2><\/header><\/div><\/div><figure class=\"cmsmasters_img_rollover_wrap preloader\"><img loading=\"lazy\" decoding=\"async\" width=\"306\" height=\"200\" src=\"https:\/\/www.portal80.com.co\/wp-content\/uploads\/2025\/06\/Galaxy-Park.png\" class=\"full-width wp-post-image\" alt=\"Galaxy Park\" title=\"Galaxy Park\" srcset=\"https:\/\/www.portal80.com.co\/wp-content\/uploads\/2025\/06\/Galaxy-Park.png 306w, https:\/\/www.portal80.com.co\/wp-content\/uploads\/2025\/06\/Galaxy-Park-300x196.png 300w\" sizes=\"auto, (max-width: 306px) 100vw, 306px\" \/><div class=\"cmsmasters_img_rollover\"><a href=\"https:\/\/www.portal80.com.co\/index.php\/service\/galaxy-park\/\" title=\"Galaxy Park\" class=\"cmsmasters_open_link\"><\/a><\/div><\/figure><\/div><span class=\"dn meta-date\">20250618192841<\/span>\t<\/div>\r\n<\/article>\r\n<!--_________________________ Finish Standard Service _________________________ -->\r\n\r\n<\/div><div class=\"cmsmasters_wrap_more_projects cmsmasters_wrap_more_items\"><\/div><\/div>\n<\/div>\n<\/div>\n<\/div>\n<\/div>\n<\/div>\n<\/div>\n\n","protected":false},"excerpt":{"rendered":"","protected":false},"author":1,"featured_media":0,"parent":13044,"menu_order":0,"comment_status":"closed","ping_status":"open","template":"","meta":{"footnotes":""},"class_list":["post-15373","page","type-page","status-publish","hentry"],"_links":{"self":[{"href":"https:\/\/www.portal80.com.co\/index.php\/wp-json\/wp\/v2\/pages\/15373","targetHints":{"allow":["GET"]}}],"collection":[{"href":"https:\/\/www.portal80.com.co\/index.php\/wp-json\/wp\/v2\/pages"}],"about":[{"href":"https:\/\/www.portal80.com.co\/index.php\/wp-json\/wp\/v2\/types\/page"}],"author":[{"embeddable":true,"href":"https:\/\/www.portal80.com.co\/index.php\/wp-json\/wp\/v2\/users\/1"}],"replies":[{"embeddable":true,"href":"https:\/\/www.portal80.com.co\/index.php\/wp-json\/wp\/v2\/comments?post=15373"}],"version-history":[{"count":0,"href":"https:\/\/www.portal80.com.co\/index.php\/wp-json\/wp\/v2\/pages\/15373\/revisions"}],"up":[{"embeddable":true,"href":"https:\/\/www.portal80.com.co\/index.php\/wp-json\/wp\/v2\/pages\/13044"}],"wp:attachment":[{"href":"https:\/\/www.portal80.com.co\/index.php\/wp-json\/wp\/v2\/media?parent=15373"}],"curies":[{"name":"wp","href":"https:\/\/api.w.org\/{rel}","templated":true}]}}