{"id":15380,"date":"2025-06-21T20:11:55","date_gmt":"2025-06-21T20:11:55","guid":{"rendered":"http:\/\/15.235.80.58:9000\/?page_id=15380"},"modified":"2025-06-26T17:36:41","modified_gmt":"2025-06-26T17:36:41","slug":"hogar","status":"publish","type":"page","link":"https:\/\/www.portal80.com.co\/index.php\/tiendas\/hogar\/","title":{"rendered":"Hogar"},"content":{"rendered":"<div id=\"cmsmasters_row_n3v83j45u\" class=\"cmsmasters_row cmsmasters_color_scheme_default cmsmasters_row_top_default cmsmasters_row_bot_default cmsmasters_row_boxed\">\n<div class=\"cmsmasters_row_outer_parent\">\n<div class=\"cmsmasters_row_outer\">\n<div class=\"cmsmasters_row_inner\">\n<div class=\"cmsmasters_row_margin\">\n<div class=\"cmsmasters_column one_first\">\n<div id=\"cmsmasters_heading_r3hhvvk9ho\" class=\"cmsmasters_heading_wrap cmsmasters_heading_align_left\">\n\t<h2 class=\"cmsmasters_heading\">Tu hogar, tu refugio<\/h2>\n<\/div><div class=\"cmsmasters_text\">\n<p>Encuentra todo lo que necesitas para hacer de tu casa un lugar m\u00e1s c\u00f3modo, funcional y lleno de estilo. Decoraci\u00f3n, mobiliario y soluciones pr\u00e1cticas para cada espacio de tu vida.<\/p>\n<\/div>\n<\/div>\n<\/div>\n<\/div>\n<\/div>\n<\/div>\n<\/div>\n<div id=\"cmsmasters_row_7abwfala7v\" class=\"cmsmasters_row cmsmasters_color_scheme_default cmsmasters_row_top_default cmsmasters_row_bot_default cmsmasters_row_boxed\">\n<div class=\"cmsmasters_row_outer_parent\">\n<div class=\"cmsmasters_row_outer\">\n<div class=\"cmsmasters_row_inner\">\n<div class=\"cmsmasters_row_margin\">\n<div class=\"cmsmasters_column one_first\">\n<div id=\"portfolio_8y9tcir12y\" class=\"cmsmasters_wrap_portfolio entry-summary\" data-layout=\"grid\" data-layout-mode=\"perfect\" data-url=\"https:\/\/www.portal80.com.co\/wp-content\/plugins\/cmsmasters-content-composer\/\" data-orderby=\"name\" data-order=\"ASC\" data-count=\"50\" data-categories=\"hogar\" data-metadata=\"title,rollover\"><div class=\"portfolio grid large_gap perfect cmsmasters_4\">\r\n<!--_________________________ Start Standard Service _________________________ -->\r\n\r\n<article id=\"post-13396\" class=\"cmsmasters_project_grid post-13396 project type-project status-publish format-standard has-post-thumbnail hentry pj-categs-hogar\" data-category=\"hogar\">\r\n\t<div class=\"project_outer\">\r\n\t\t<div class=\"project_outer_image_wrap\">\r\n\t\r\n\t\t<div class=\"project_outer_image_wrap_meta entry-meta\"><div class=\"project_outer_image_wrap_meta_bottom entry-meta\"><header class=\"cmsmasters_project_header entry-header\"><h2 class=\"cmsmasters_project_title entry-title\"><a href=\"https:\/\/www.portal80.com.co\/index.php\/service\/dogma\/\">Dogma<\/a><\/h2><\/header><\/div><\/div><figure class=\"cmsmasters_img_rollover_wrap preloader\"><img loading=\"lazy\" decoding=\"async\" width=\"306\" height=\"200\" src=\"https:\/\/www.portal80.com.co\/wp-content\/uploads\/2025\/06\/modelotiendas.png\" class=\"full-width wp-post-image\" alt=\"Dogma\" title=\"Dogma\" srcset=\"https:\/\/www.portal80.com.co\/wp-content\/uploads\/2025\/06\/modelotiendas.png 306w, https:\/\/www.portal80.com.co\/wp-content\/uploads\/2025\/06\/modelotiendas-300x196.png 300w\" sizes=\"auto, (max-width: 306px) 100vw, 306px\" \/><div class=\"cmsmasters_img_rollover\"><a href=\"https:\/\/www.portal80.com.co\/index.php\/service\/dogma\/\" title=\"Dogma\" class=\"cmsmasters_open_link\"><\/a><\/div><\/figure><\/div><span class=\"dn meta-date\">20250613051943<\/span>\t<\/div>\r\n<\/article>\r\n<!--_________________________ Finish Standard Service _________________________ -->\r\n\r\n\r\n<!--_________________________ Start Standard Service _________________________ -->\r\n\r\n<article id=\"post-16667\" class=\"cmsmasters_project_grid post-16667 project type-project status-publish format-standard has-post-thumbnail hentry pj-categs-hogar\" data-category=\"hogar\">\r\n\t<div class=\"project_outer\">\r\n\t\t<div class=\"project_outer_image_wrap\">\r\n\t\r\n\t\t<div class=\"project_outer_image_wrap_meta entry-meta\"><div class=\"project_outer_image_wrap_meta_bottom entry-meta\"><header class=\"cmsmasters_project_header entry-header\"><h2 class=\"cmsmasters_project_title entry-title\"><a href=\"https:\/\/www.portal80.com.co\/index.php\/service\/dollarcity\/\">Dollarcity<\/a><\/h2><\/header><\/div><\/div><figure class=\"cmsmasters_img_rollover_wrap preloader\"><img loading=\"lazy\" decoding=\"async\" width=\"306\" height=\"200\" src=\"https:\/\/www.portal80.com.co\/wp-content\/uploads\/2025\/09\/Diseno-sin-titulo-24.png\" class=\"full-width wp-post-image\" alt=\"Dollarcity\" title=\"Dollarcity\" srcset=\"https:\/\/www.portal80.com.co\/wp-content\/uploads\/2025\/09\/Diseno-sin-titulo-24.png 306w, https:\/\/www.portal80.com.co\/wp-content\/uploads\/2025\/09\/Diseno-sin-titulo-24-300x196.png 300w\" sizes=\"auto, (max-width: 306px) 100vw, 306px\" \/><div class=\"cmsmasters_img_rollover\"><a href=\"https:\/\/www.portal80.com.co\/index.php\/service\/dollarcity\/\" title=\"Dollarcity\" class=\"cmsmasters_open_link\"><\/a><\/div><\/figure><\/div><span class=\"dn meta-date\">20250909131451<\/span>\t<\/div>\r\n<\/article>\r\n<!--_________________________ Finish Standard Service _________________________ -->\r\n\r\n\r\n<!--_________________________ Start Standard Service _________________________ -->\r\n\r\n<article id=\"post-13624\" class=\"cmsmasters_project_grid post-13624 project type-project status-publish format-standard has-post-thumbnail hentry pj-categs-hogar\" data-category=\"hogar\">\r\n\t<div class=\"project_outer\">\r\n\t\t<div class=\"project_outer_image_wrap\">\r\n\t\r\n\t\t<div class=\"project_outer_image_wrap_meta entry-meta\"><div class=\"project_outer_image_wrap_meta_bottom entry-meta\"><header class=\"cmsmasters_project_header entry-header\"><h2 class=\"cmsmasters_project_title entry-title\"><a href=\"https:\/\/www.portal80.com.co\/index.php\/service\/adecuaciones-haro-home\/\">Haro Home<\/a><\/h2><\/header><\/div><\/div><figure class=\"cmsmasters_img_rollover_wrap preloader\"><img loading=\"lazy\" decoding=\"async\" width=\"306\" height=\"200\" src=\"https:\/\/www.portal80.com.co\/wp-content\/uploads\/2025\/06\/modelotiendas.png\" class=\"full-width wp-post-image\" alt=\"Haro Home\" title=\"Haro Home\" srcset=\"https:\/\/www.portal80.com.co\/wp-content\/uploads\/2025\/06\/modelotiendas.png 306w, https:\/\/www.portal80.com.co\/wp-content\/uploads\/2025\/06\/modelotiendas-300x196.png 300w\" sizes=\"auto, (max-width: 306px) 100vw, 306px\" \/><div class=\"cmsmasters_img_rollover\"><a href=\"https:\/\/www.portal80.com.co\/index.php\/service\/adecuaciones-haro-home\/\" title=\"Haro Home\" class=\"cmsmasters_open_link\"><\/a><\/div><\/figure><\/div><span class=\"dn meta-date\">20250613195538<\/span>\t<\/div>\r\n<\/article>\r\n<!--_________________________ Finish Standard Service _________________________ -->\r\n\r\n\r\n<!--_________________________ Start Standard Service _________________________ -->\r\n\r\n<article id=\"post-16626\" class=\"cmsmasters_project_grid post-16626 project type-project status-publish format-standard has-post-thumbnail hentry pj-categs-hogar\" data-category=\"hogar\">\r\n\t<div class=\"project_outer\">\r\n\t\t<div class=\"project_outer_image_wrap\">\r\n\t\r\n\t\t<div class=\"project_outer_image_wrap_meta entry-meta\"><div class=\"project_outer_image_wrap_meta_bottom entry-meta\"><header class=\"cmsmasters_project_header entry-header\"><h2 class=\"cmsmasters_project_title entry-title\"><a href=\"https:\/\/www.portal80.com.co\/index.php\/service\/humidificadores-aromas-eva\/\">Humidificadores Aromas Eva<\/a><\/h2><\/header><\/div><\/div><figure class=\"cmsmasters_img_rollover_wrap preloader\"><img loading=\"lazy\" decoding=\"async\" width=\"306\" height=\"200\" src=\"https:\/\/www.portal80.com.co\/wp-content\/uploads\/2025\/06\/modelotiendas.png\" class=\"full-width wp-post-image\" alt=\"Humidificadores Aromas Eva\" title=\"Humidificadores Aromas Eva\" srcset=\"https:\/\/www.portal80.com.co\/wp-content\/uploads\/2025\/06\/modelotiendas.png 306w, https:\/\/www.portal80.com.co\/wp-content\/uploads\/2025\/06\/modelotiendas-300x196.png 300w\" sizes=\"auto, (max-width: 306px) 100vw, 306px\" \/><div class=\"cmsmasters_img_rollover\"><a href=\"https:\/\/www.portal80.com.co\/index.php\/service\/humidificadores-aromas-eva\/\" title=\"Humidificadores Aromas Eva\" class=\"cmsmasters_open_link\"><\/a><\/div><\/figure><\/div><span class=\"dn meta-date\">20250909045703<\/span>\t<\/div>\r\n<\/article>\r\n<!--_________________________ Finish Standard Service _________________________ -->\r\n\r\n\r\n<!--_________________________ Start Standard Service _________________________ -->\r\n\r\n<article id=\"post-14599\" class=\"cmsmasters_project_grid post-14599 project type-project status-publish format-standard has-post-thumbnail hentry pj-categs-hogar\" data-category=\"hogar\">\r\n\t<div class=\"project_outer\">\r\n\t\t<div class=\"project_outer_image_wrap\">\r\n\t\r\n\t\t<div class=\"project_outer_image_wrap_meta entry-meta\"><div class=\"project_outer_image_wrap_meta_bottom entry-meta\"><header class=\"cmsmasters_project_header entry-header\"><h2 class=\"cmsmasters_project_title entry-title\"><a href=\"https:\/\/www.portal80.com.co\/index.php\/service\/tv-novedades\/\">Tv Novedades<\/a><\/h2><\/header><\/div><\/div><figure class=\"cmsmasters_img_rollover_wrap preloader\"><img loading=\"lazy\" decoding=\"async\" width=\"306\" height=\"200\" src=\"https:\/\/www.portal80.com.co\/wp-content\/uploads\/2025\/06\/TV-Novedades.png\" class=\"full-width wp-post-image\" alt=\"Tv Novedades\" title=\"Tv Novedades\" srcset=\"https:\/\/www.portal80.com.co\/wp-content\/uploads\/2025\/06\/TV-Novedades.png 306w, https:\/\/www.portal80.com.co\/wp-content\/uploads\/2025\/06\/TV-Novedades-300x196.png 300w\" sizes=\"auto, (max-width: 306px) 100vw, 306px\" \/><div class=\"cmsmasters_img_rollover\"><a href=\"https:\/\/www.portal80.com.co\/index.php\/service\/tv-novedades\/\" title=\"Tv Novedades\" class=\"cmsmasters_open_link\"><\/a><\/div><\/figure><\/div><span class=\"dn meta-date\">20250618050625<\/span>\t<\/div>\r\n<\/article>\r\n<!--_________________________ Finish Standard Service _________________________ -->\r\n\r\n<\/div><div class=\"cmsmasters_wrap_more_projects cmsmasters_wrap_more_items\"><\/div><\/div>\n<\/div>\n<\/div>\n<\/div>\n<\/div>\n<\/div>\n<\/div>\n\n","protected":false},"excerpt":{"rendered":"","protected":false},"author":1,"featured_media":0,"parent":13044,"menu_order":0,"comment_status":"closed","ping_status":"open","template":"","meta":{"footnotes":""},"class_list":["post-15380","page","type-page","status-publish","hentry"],"_links":{"self":[{"href":"https:\/\/www.portal80.com.co\/index.php\/wp-json\/wp\/v2\/pages\/15380","targetHints":{"allow":["GET"]}}],"collection":[{"href":"https:\/\/www.portal80.com.co\/index.php\/wp-json\/wp\/v2\/pages"}],"about":[{"href":"https:\/\/www.portal80.com.co\/index.php\/wp-json\/wp\/v2\/types\/page"}],"author":[{"embeddable":true,"href":"https:\/\/www.portal80.com.co\/index.php\/wp-json\/wp\/v2\/users\/1"}],"replies":[{"embeddable":true,"href":"https:\/\/www.portal80.com.co\/index.php\/wp-json\/wp\/v2\/comments?post=15380"}],"version-history":[{"count":0,"href":"https:\/\/www.portal80.com.co\/index.php\/wp-json\/wp\/v2\/pages\/15380\/revisions"}],"up":[{"embeddable":true,"href":"https:\/\/www.portal80.com.co\/index.php\/wp-json\/wp\/v2\/pages\/13044"}],"wp:attachment":[{"href":"https:\/\/www.portal80.com.co\/index.php\/wp-json\/wp\/v2\/media?parent=15380"}],"curies":[{"name":"wp","href":"https:\/\/api.w.org\/{rel}","templated":true}]}}