{"id":15382,"date":"2025-06-21T20:20:35","date_gmt":"2025-06-21T20:20:35","guid":{"rendered":"http:\/\/15.235.80.58:9000\/?page_id=15382"},"modified":"2025-06-26T17:36:53","modified_gmt":"2025-06-26T17:36:53","slug":"joyeria","status":"publish","type":"page","link":"https:\/\/www.portal80.com.co\/index.php\/tiendas\/joyeria\/","title":{"rendered":"Joyer\u00eda"},"content":{"rendered":"<div id=\"cmsmasters_row_n3v83j45u\" class=\"cmsmasters_row cmsmasters_color_scheme_default cmsmasters_row_top_default cmsmasters_row_bot_default cmsmasters_row_boxed\">\n<div class=\"cmsmasters_row_outer_parent\">\n<div class=\"cmsmasters_row_outer\">\n<div class=\"cmsmasters_row_inner\">\n<div class=\"cmsmasters_row_margin\">\n<div class=\"cmsmasters_column one_first\">\n<div id=\"cmsmasters_heading_r3hhvvk9ho\" class=\"cmsmasters_heading_wrap cmsmasters_heading_align_left\">\n\t<h2 class=\"cmsmasters_heading\">Detalles que hacen brillar tu esencia<\/h2>\n<\/div><div class=\"cmsmasters_text\">\n<p>Descubre piezas que cuentan historias. Dise\u00f1os elegantes y atemporales en joyer\u00eda que resaltan tu estilo, celebran tus momentos y te acompa\u00f1an con luz propia.<\/p>\n<\/div>\n<\/div>\n<\/div>\n<\/div>\n<\/div>\n<\/div>\n<\/div>\n<div id=\"cmsmasters_row_7abwfala7v\" class=\"cmsmasters_row cmsmasters_color_scheme_default cmsmasters_row_top_default cmsmasters_row_bot_default cmsmasters_row_boxed\">\n<div class=\"cmsmasters_row_outer_parent\">\n<div class=\"cmsmasters_row_outer\">\n<div class=\"cmsmasters_row_inner\">\n<div class=\"cmsmasters_row_margin\">\n<div class=\"cmsmasters_column one_first\">\n<div id=\"portfolio_8y9tcir12y\" class=\"cmsmasters_wrap_portfolio entry-summary\" data-layout=\"grid\" data-layout-mode=\"perfect\" data-url=\"https:\/\/www.portal80.com.co\/wp-content\/plugins\/cmsmasters-content-composer\/\" data-orderby=\"name\" data-order=\"ASC\" data-count=\"50\" data-categories=\"joyeria\" data-metadata=\"title,rollover\"><div class=\"portfolio grid large_gap perfect cmsmasters_4\">\r\n<!--_________________________ Start Standard Service _________________________ -->\r\n\r\n<article id=\"post-13563\" class=\"cmsmasters_project_grid post-13563 project type-project status-publish format-standard has-post-thumbnail hentry pj-categs-joyeria\" data-category=\"joyeria\">\r\n\t<div class=\"project_outer\">\r\n\t\t<div class=\"project_outer_image_wrap\">\r\n\t\r\n\t\t<div class=\"project_outer_image_wrap_meta entry-meta\"><div class=\"project_outer_image_wrap_meta_bottom entry-meta\"><header class=\"cmsmasters_project_header entry-header\"><h2 class=\"cmsmasters_project_title entry-title\"><a href=\"https:\/\/www.portal80.com.co\/index.php\/service\/jmarti-marlo\/\">J&#8217;Marti Marlo<\/a><\/h2><\/header><\/div><\/div><figure class=\"cmsmasters_img_rollover_wrap preloader\"><img loading=\"lazy\" decoding=\"async\" width=\"306\" height=\"200\" src=\"https:\/\/www.portal80.com.co\/wp-content\/uploads\/2025\/06\/J-Marti-Marlo.png\" class=\"full-width wp-post-image\" alt=\"J&#8217;Marti Marlo\" title=\"J&#8217;Marti Marlo\" srcset=\"https:\/\/www.portal80.com.co\/wp-content\/uploads\/2025\/06\/J-Marti-Marlo.png 306w, https:\/\/www.portal80.com.co\/wp-content\/uploads\/2025\/06\/J-Marti-Marlo-300x196.png 300w\" sizes=\"auto, (max-width: 306px) 100vw, 306px\" \/><div class=\"cmsmasters_img_rollover\"><a href=\"https:\/\/www.portal80.com.co\/index.php\/service\/jmarti-marlo\/\" title=\"J&#8217;Marti Marlo\" class=\"cmsmasters_open_link\"><\/a><\/div><\/figure><\/div><span class=\"dn meta-date\">20250613171406<\/span>\t<\/div>\r\n<\/article>\r\n<!--_________________________ Finish Standard Service _________________________ -->\r\n\r\n\r\n<!--_________________________ Start Standard Service _________________________ -->\r\n\r\n<article id=\"post-13633\" class=\"cmsmasters_project_grid post-13633 project type-project status-publish format-standard has-post-thumbnail hentry pj-categs-joyeria\" data-category=\"joyeria\">\r\n\t<div class=\"project_outer\">\r\n\t\t<div class=\"project_outer_image_wrap\">\r\n\t\r\n\t\t<div class=\"project_outer_image_wrap_meta entry-meta\"><div class=\"project_outer_image_wrap_meta_bottom entry-meta\"><header class=\"cmsmasters_project_header entry-header\"><h2 class=\"cmsmasters_project_title entry-title\"><a href=\"https:\/\/www.portal80.com.co\/index.php\/service\/joyeria-murano\/\">Joyer\u00eda Murano<\/a><\/h2><\/header><\/div><\/div><figure class=\"cmsmasters_img_rollover_wrap preloader\"><img loading=\"lazy\" decoding=\"async\" width=\"306\" height=\"200\" src=\"https:\/\/www.portal80.com.co\/wp-content\/uploads\/2025\/06\/modelotiendas.png\" class=\"full-width wp-post-image\" alt=\"Joyer\u00eda Murano\" title=\"Joyer\u00eda Murano\" srcset=\"https:\/\/www.portal80.com.co\/wp-content\/uploads\/2025\/06\/modelotiendas.png 306w, https:\/\/www.portal80.com.co\/wp-content\/uploads\/2025\/06\/modelotiendas-300x196.png 300w\" sizes=\"auto, (max-width: 306px) 100vw, 306px\" \/><div class=\"cmsmasters_img_rollover\"><a href=\"https:\/\/www.portal80.com.co\/index.php\/service\/joyeria-murano\/\" title=\"Joyer\u00eda Murano\" class=\"cmsmasters_open_link\"><\/a><\/div><\/figure><\/div><span class=\"dn meta-date\">20250613200648<\/span>\t<\/div>\r\n<\/article>\r\n<!--_________________________ Finish Standard Service _________________________ -->\r\n\r\n\r\n<!--_________________________ Start Standard Service _________________________ -->\r\n\r\n<article id=\"post-13337\" class=\"cmsmasters_project_grid post-13337 project type-project status-publish format-standard has-post-thumbnail hentry pj-categs-joyeria\" data-category=\"joyeria\">\r\n\t<div class=\"project_outer\">\r\n\t\t<div class=\"project_outer_image_wrap\">\r\n\t\r\n\t\t<div class=\"project_outer_image_wrap_meta entry-meta\"><div class=\"project_outer_image_wrap_meta_bottom entry-meta\"><header class=\"cmsmasters_project_header entry-header\"><h2 class=\"cmsmasters_project_title entry-title\"><a href=\"https:\/\/www.portal80.com.co\/index.php\/service\/willy-jhons\/\">Willy Jhons<\/a><\/h2><\/header><\/div><\/div><figure class=\"cmsmasters_img_rollover_wrap preloader\"><img loading=\"lazy\" decoding=\"async\" width=\"306\" height=\"200\" src=\"https:\/\/www.portal80.com.co\/wp-content\/uploads\/2025\/06\/Joyeria.png\" class=\"full-width wp-post-image\" alt=\"Willy Jhons\" title=\"Willy Jhons\" srcset=\"https:\/\/www.portal80.com.co\/wp-content\/uploads\/2025\/06\/Joyeria.png 306w, https:\/\/www.portal80.com.co\/wp-content\/uploads\/2025\/06\/Joyeria-300x196.png 300w\" sizes=\"auto, (max-width: 306px) 100vw, 306px\" \/><div class=\"cmsmasters_img_rollover\"><a href=\"https:\/\/www.portal80.com.co\/index.php\/service\/willy-jhons\/\" title=\"Willy Jhons\" class=\"cmsmasters_open_link\"><\/a><\/div><\/figure><\/div><span class=\"dn meta-date\">20250612165041<\/span>\t<\/div>\r\n<\/article>\r\n<!--_________________________ Finish Standard Service _________________________ -->\r\n\r\n<\/div><div class=\"cmsmasters_wrap_more_projects cmsmasters_wrap_more_items\"><\/div><\/div>\n<\/div>\n<\/div>\n<\/div>\n<\/div>\n<\/div>\n<\/div>\n\n","protected":false},"excerpt":{"rendered":"","protected":false},"author":1,"featured_media":0,"parent":13044,"menu_order":0,"comment_status":"closed","ping_status":"open","template":"","meta":{"footnotes":""},"class_list":["post-15382","page","type-page","status-publish","hentry"],"_links":{"self":[{"href":"https:\/\/www.portal80.com.co\/index.php\/wp-json\/wp\/v2\/pages\/15382","targetHints":{"allow":["GET"]}}],"collection":[{"href":"https:\/\/www.portal80.com.co\/index.php\/wp-json\/wp\/v2\/pages"}],"about":[{"href":"https:\/\/www.portal80.com.co\/index.php\/wp-json\/wp\/v2\/types\/page"}],"author":[{"embeddable":true,"href":"https:\/\/www.portal80.com.co\/index.php\/wp-json\/wp\/v2\/users\/1"}],"replies":[{"embeddable":true,"href":"https:\/\/www.portal80.com.co\/index.php\/wp-json\/wp\/v2\/comments?post=15382"}],"version-history":[{"count":0,"href":"https:\/\/www.portal80.com.co\/index.php\/wp-json\/wp\/v2\/pages\/15382\/revisions"}],"up":[{"embeddable":true,"href":"https:\/\/www.portal80.com.co\/index.php\/wp-json\/wp\/v2\/pages\/13044"}],"wp:attachment":[{"href":"https:\/\/www.portal80.com.co\/index.php\/wp-json\/wp\/v2\/media?parent=15382"}],"curies":[{"name":"wp","href":"https:\/\/api.w.org\/{rel}","templated":true}]}}