{"id":15383,"date":"2025-06-21T20:21:37","date_gmt":"2025-06-21T20:21:37","guid":{"rendered":"http:\/\/15.235.80.58:9000\/?page_id=15383"},"modified":"2025-06-26T17:37:04","modified_gmt":"2025-06-26T17:37:04","slug":"jugueteria","status":"publish","type":"page","link":"https:\/\/www.portal80.com.co\/index.php\/tiendas\/jugueteria\/","title":{"rendered":"Jugueter\u00eda"},"content":{"rendered":"<div id=\"cmsmasters_row_n3v83j45u\" class=\"cmsmasters_row cmsmasters_color_scheme_default cmsmasters_row_top_default cmsmasters_row_bot_default cmsmasters_row_boxed\">\n<div class=\"cmsmasters_row_outer_parent\">\n<div class=\"cmsmasters_row_outer\">\n<div class=\"cmsmasters_row_inner\">\n<div class=\"cmsmasters_row_margin\">\n<div class=\"cmsmasters_column one_first\">\n<div id=\"cmsmasters_heading_r3hhvvk9ho\" class=\"cmsmasters_heading_wrap cmsmasters_heading_align_left\">\n\t<h2 class=\"cmsmasters_heading\">Diversi\u00f3n sin l\u00edmites<\/h2>\n<\/div><div class=\"cmsmasters_text\">\n<p>Encuentra los juguetes ideales para estimular la imaginaci\u00f3n, el aprendizaje y la alegr\u00eda de grandes y peque\u00f1os. Un mundo lleno de color, creatividad y sonrisas te espera.<\/p>\n<\/div>\n<\/div>\n<\/div>\n<\/div>\n<\/div>\n<\/div>\n<\/div>\n<div id=\"cmsmasters_row_7abwfala7v\" class=\"cmsmasters_row cmsmasters_color_scheme_default cmsmasters_row_top_default cmsmasters_row_bot_default cmsmasters_row_boxed\">\n<div class=\"cmsmasters_row_outer_parent\">\n<div class=\"cmsmasters_row_outer\">\n<div class=\"cmsmasters_row_inner\">\n<div class=\"cmsmasters_row_margin\">\n<div class=\"cmsmasters_column one_first\">\n<div id=\"portfolio_8y9tcir12y\" class=\"cmsmasters_wrap_portfolio entry-summary\" data-layout=\"grid\" data-layout-mode=\"perfect\" data-url=\"https:\/\/www.portal80.com.co\/wp-content\/plugins\/cmsmasters-content-composer\/\" data-orderby=\"name\" data-order=\"ASC\" data-count=\"50\" data-categories=\"jugueteria\" data-metadata=\"title,rollover\"><div class=\"portfolio grid large_gap perfect cmsmasters_4\">\r\n<!--_________________________ Start Standard Service _________________________ -->\r\n\r\n<article id=\"post-16652\" class=\"cmsmasters_project_grid post-16652 project type-project status-publish format-standard has-post-thumbnail hentry pj-categs-jugueteria\" data-category=\"jugueteria\">\r\n\t<div class=\"project_outer\">\r\n\t\t<div class=\"project_outer_image_wrap\">\r\n\t\r\n\t\t<div class=\"project_outer_image_wrap_meta entry-meta\"><div class=\"project_outer_image_wrap_meta_bottom entry-meta\"><header class=\"cmsmasters_project_header entry-header\"><h2 class=\"cmsmasters_project_title entry-title\"><a href=\"https:\/\/www.portal80.com.co\/index.php\/service\/anivora\/\">Anivora<\/a><\/h2><\/header><\/div><\/div><figure class=\"cmsmasters_img_rollover_wrap preloader\"><img loading=\"lazy\" decoding=\"async\" width=\"306\" height=\"200\" src=\"https:\/\/www.portal80.com.co\/wp-content\/uploads\/2025\/09\/Diseno-sin-titulo-19.png\" class=\"full-width wp-post-image\" alt=\"Anivora\" title=\"Anivora\" srcset=\"https:\/\/www.portal80.com.co\/wp-content\/uploads\/2025\/09\/Diseno-sin-titulo-19.png 306w, https:\/\/www.portal80.com.co\/wp-content\/uploads\/2025\/09\/Diseno-sin-titulo-19-300x196.png 300w\" sizes=\"auto, (max-width: 306px) 100vw, 306px\" \/><div class=\"cmsmasters_img_rollover\"><a href=\"https:\/\/www.portal80.com.co\/index.php\/service\/anivora\/\" title=\"Anivora\" class=\"cmsmasters_open_link\"><\/a><\/div><\/figure><\/div><span class=\"dn meta-date\">20250909125246<\/span>\t<\/div>\r\n<\/article>\r\n<!--_________________________ Finish Standard Service _________________________ -->\r\n\r\n\r\n<!--_________________________ Start Standard Service _________________________ -->\r\n\r\n<article id=\"post-16632\" class=\"cmsmasters_project_grid post-16632 project type-project status-publish format-standard has-post-thumbnail hentry pj-categs-jugueteria\" data-category=\"jugueteria\">\r\n\t<div class=\"project_outer\">\r\n\t\t<div class=\"project_outer_image_wrap\">\r\n\t\r\n\t\t<div class=\"project_outer_image_wrap_meta entry-meta\"><div class=\"project_outer_image_wrap_meta_bottom entry-meta\"><header class=\"cmsmasters_project_header entry-header\"><h2 class=\"cmsmasters_project_title entry-title\"><a href=\"https:\/\/www.portal80.com.co\/index.php\/service\/caja-de-juegos\/\">Caja de Juegos<\/a><\/h2><\/header><\/div><\/div><figure class=\"cmsmasters_img_rollover_wrap preloader\"><img loading=\"lazy\" decoding=\"async\" width=\"306\" height=\"200\" src=\"https:\/\/www.portal80.com.co\/wp-content\/uploads\/2025\/09\/Diseno-sin-titulo-13.png\" class=\"full-width wp-post-image\" alt=\"Caja de Juegos\" title=\"Caja de Juegos\" srcset=\"https:\/\/www.portal80.com.co\/wp-content\/uploads\/2025\/09\/Diseno-sin-titulo-13.png 306w, https:\/\/www.portal80.com.co\/wp-content\/uploads\/2025\/09\/Diseno-sin-titulo-13-300x196.png 300w\" sizes=\"auto, (max-width: 306px) 100vw, 306px\" \/><div class=\"cmsmasters_img_rollover\"><a href=\"https:\/\/www.portal80.com.co\/index.php\/service\/caja-de-juegos\/\" title=\"Caja de Juegos\" class=\"cmsmasters_open_link\"><\/a><\/div><\/figure><\/div><span class=\"dn meta-date\">20250909050554<\/span>\t<\/div>\r\n<\/article>\r\n<!--_________________________ Finish Standard Service _________________________ -->\r\n\r\n\r\n<!--_________________________ Start Standard Service _________________________ -->\r\n\r\n<article id=\"post-14531\" class=\"cmsmasters_project_grid post-14531 project type-project status-publish format-standard has-post-thumbnail hentry pj-categs-jugueteria pj-categs-servicios\" data-category=\"jugueteria servicios\">\r\n\t<div class=\"project_outer\">\r\n\t\t<div class=\"project_outer_image_wrap\">\r\n\t\r\n\t\t<div class=\"project_outer_image_wrap_meta entry-meta\"><div class=\"project_outer_image_wrap_meta_bottom entry-meta\"><header class=\"cmsmasters_project_header entry-header\"><h2 class=\"cmsmasters_project_title entry-title\"><a href=\"https:\/\/www.portal80.com.co\/index.php\/service\/portal-magico\/\">Portal M\u00e1gico<\/a><\/h2><\/header><\/div><\/div><figure class=\"cmsmasters_img_rollover_wrap preloader\"><img loading=\"lazy\" decoding=\"async\" width=\"306\" height=\"200\" src=\"https:\/\/www.portal80.com.co\/wp-content\/uploads\/2025\/06\/modelotiendas.png\" class=\"full-width wp-post-image\" alt=\"Portal M\u00e1gico\" title=\"Portal M\u00e1gico\" srcset=\"https:\/\/www.portal80.com.co\/wp-content\/uploads\/2025\/06\/modelotiendas.png 306w, https:\/\/www.portal80.com.co\/wp-content\/uploads\/2025\/06\/modelotiendas-300x196.png 300w\" sizes=\"auto, (max-width: 306px) 100vw, 306px\" \/><div class=\"cmsmasters_img_rollover\"><a href=\"https:\/\/www.portal80.com.co\/index.php\/service\/portal-magico\/\" title=\"Portal M\u00e1gico\" class=\"cmsmasters_open_link\"><\/a><\/div><\/figure><\/div><span class=\"dn meta-date\">20250618033653<\/span>\t<\/div>\r\n<\/article>\r\n<!--_________________________ Finish Standard Service _________________________ -->\r\n\r\n<\/div><div class=\"cmsmasters_wrap_more_projects cmsmasters_wrap_more_items\"><\/div><\/div>\n<\/div>\n<\/div>\n<\/div>\n<\/div>\n<\/div>\n<\/div>\n\n","protected":false},"excerpt":{"rendered":"","protected":false},"author":1,"featured_media":0,"parent":13044,"menu_order":0,"comment_status":"closed","ping_status":"open","template":"","meta":{"footnotes":""},"class_list":["post-15383","page","type-page","status-publish","hentry"],"_links":{"self":[{"href":"https:\/\/www.portal80.com.co\/index.php\/wp-json\/wp\/v2\/pages\/15383","targetHints":{"allow":["GET"]}}],"collection":[{"href":"https:\/\/www.portal80.com.co\/index.php\/wp-json\/wp\/v2\/pages"}],"about":[{"href":"https:\/\/www.portal80.com.co\/index.php\/wp-json\/wp\/v2\/types\/page"}],"author":[{"embeddable":true,"href":"https:\/\/www.portal80.com.co\/index.php\/wp-json\/wp\/v2\/users\/1"}],"replies":[{"embeddable":true,"href":"https:\/\/www.portal80.com.co\/index.php\/wp-json\/wp\/v2\/comments?post=15383"}],"version-history":[{"count":0,"href":"https:\/\/www.portal80.com.co\/index.php\/wp-json\/wp\/v2\/pages\/15383\/revisions"}],"up":[{"embeddable":true,"href":"https:\/\/www.portal80.com.co\/index.php\/wp-json\/wp\/v2\/pages\/13044"}],"wp:attachment":[{"href":"https:\/\/www.portal80.com.co\/index.php\/wp-json\/wp\/v2\/media?parent=15383"}],"curies":[{"name":"wp","href":"https:\/\/api.w.org\/{rel}","templated":true}]}}